{"id":709,"date":"2025-02-20T11:53:09","date_gmt":"2025-02-20T08:53:09","guid":{"rendered":"https:\/\/jms.hyperion.ro\/?page_id=709"},"modified":"2025-02-20T11:53:09","modified_gmt":"2025-02-20T08:53:09","slug":"revista-de-studii-media-journal-of-media-studies-nr-11-2022-no-11-2022-2","status":"publish","type":"page","link":"https:\/\/jms.hyperion.ro\/index.php\/revista-de-studii-media-journal-of-media-studies-nr-11-2022-no-11-2022-2\/","title":{"rendered":"Revista de Studii Media \/ Journal of Media Studies, Nr. 11, 2022 \/ No. 11, 2022"},"content":{"rendered":"<p><a href=\"https:\/\/jms.hyperion.ro\/wp-content\/uploads\/2023\/05\/Advisory_editorial_no11_2022.pdf\" target=\"_blank\" rel=\"noopener\">Editorial Board<\/a><\/p>\n<p><strong>RESEARCH ARTICLES<\/strong><\/p>\n<p>1.<a href=\"https:\/\/jms.hyperion.ro\/wp-content\/uploads\/2023\/05\/1.-RSM_11_2022-1-18.pdf\" target=\"_blank\" rel=\"noopener\"> The Crisis Continu(e)(ou)s&#8230; The Shocking Mass-Media&#8217;s Paratopia in the Era o Dromocracy<\/a>, Sorin SUCIU, Sapientia Hungarian University, T\u00e2rgu Mure\u0219 (p. 1)<\/p>\n<p>2. <a href=\"https:\/\/jms.hyperion.ro\/wp-content\/uploads\/2023\/05\/2.-RSM_11_2022_19-30.pdf\" target=\"_blank\" rel=\"noopener\">Describing Enemy in the Headlines<\/a>, Anamaria PARFENI, University of Bucharest (p. 19)<\/p>\n<p>3. <a href=\"https:\/\/jms.hyperion.ro\/wp-content\/uploads\/2023\/05\/3.-RSM_11_2022-31-41.pdf\" target=\"_blank\" rel=\"noopener\">Two Models of Public Service Broadcasting: Romanian and German<\/a>, Liana IONESCU, Hyperion University, Bucharest (p. 31)<\/p>\n<p>4. <a href=\"https:\/\/jms.hyperion.ro\/wp-content\/uploads\/2023\/05\/4.-RSM_11_2022-42-50.pdf\" target=\"_blank\" rel=\"noopener\">The Celebrities, the Fake Celebrities, Media and the New Generations<\/a>, George ONOFREI, Hyperion University, Bucharest (p. 42)<\/p>\n<p>5. <a href=\"https:\/\/jms.hyperion.ro\/wp-content\/uploads\/2023\/05\/5.-RSM_11_2022-51-66.pdf\" target=\"_blank\" rel=\"noopener\">Impactul pandemiei asupra vie\u021bii sociale \u0219i s\u0103n\u0103t\u0103\u021bii emo\u021bionale a tinerilor din Bucure\u0219ti \/ The impact of the pandemic on the social life and emotional health of young people in Bucharest<\/a>, Elena-Andreea B\u0102RBULESCU &amp; Ana-Miruna STAN, University of Bucharest (p. 51)<\/p>\n<p><strong>BOOK REVIEWS<\/strong><\/p>\n<p>6. <a href=\"https:\/\/jms.hyperion.ro\/wp-content\/uploads\/2023\/05\/6.-RSM_11_2022-67-69.pdf\" target=\"_blank\" rel=\"noopener\">ABC-ul Jurnalismului \/ The ABC of Journalism<\/a>, Liana IONESCU (p. 67)<\/p>\n<p>7. <a href=\"https:\/\/jms.hyperion.ro\/wp-content\/uploads\/2023\/05\/7.-RSM_11_2022-70-75.pdf\" target=\"_blank\" rel=\"noopener\">Trecutul \u0219i viitorul mijloacelor de comunicare \/ The past and future of Media<\/a>, Gelu SAB\u0102U (p. 70)<\/p>\n<p>8. <a href=\"https:\/\/jms.hyperion.ro\/wp-content\/uploads\/2023\/05\/8.-RSM_11_2022-76-79.pdf\" target=\"_blank\" rel=\"noopener\">Brunea-Fox, reporterul dezn\u0103dejdii noastre \/ Brunea-Fox, the reporter of our despair<\/a>, Gelu SAB\u0102U (p. 76)<\/p>\n","protected":false},"excerpt":{"rendered":"<p>Editorial Board RESEARCH ARTICLES 1. The Crisis Continu(e)(ou)s&#8230; The Shocking Mass-Media&#8217;s Paratopia in the Era o Dromocracy, Sorin SUCIU, Sapientia Hungarian University, T\u00e2rgu Mure\u0219 (p. 1) 2. Describing Enemy in the Headlines, Anamaria PARFENI, University of Bucharest (p. 19) 3. Two Models of Public Service Broadcasting: Romanian and German, Liana IONESCU, Hyperion University, Bucharest (p. [&hellip;]<\/p>\n","protected":false},"author":1,"featured_media":0,"parent":0,"menu_order":0,"comment_status":"closed","ping_status":"closed","template":"","meta":{"footnotes":""},"class_list":["post-709","page","type-page","status-publish","hentry"],"_links":{"self":[{"href":"https:\/\/jms.hyperion.ro\/index.php\/wp-json\/wp\/v2\/pages\/709","targetHints":{"allow":["GET"]}}],"collection":[{"href":"https:\/\/jms.hyperion.ro\/index.php\/wp-json\/wp\/v2\/pages"}],"about":[{"href":"https:\/\/jms.hyperion.ro\/index.php\/wp-json\/wp\/v2\/types\/page"}],"author":[{"embeddable":true,"href":"https:\/\/jms.hyperion.ro\/index.php\/wp-json\/wp\/v2\/users\/1"}],"replies":[{"embeddable":true,"href":"https:\/\/jms.hyperion.ro\/index.php\/wp-json\/wp\/v2\/comments?post=709"}],"version-history":[{"count":1,"href":"https:\/\/jms.hyperion.ro\/index.php\/wp-json\/wp\/v2\/pages\/709\/revisions"}],"predecessor-version":[{"id":710,"href":"https:\/\/jms.hyperion.ro\/index.php\/wp-json\/wp\/v2\/pages\/709\/revisions\/710"}],"wp:attachment":[{"href":"https:\/\/jms.hyperion.ro\/index.php\/wp-json\/wp\/v2\/media?parent=709"}],"curies":[{"name":"wp","href":"https:\/\/api.w.org\/{rel}","templated":true}]}}