{"id":637,"date":"2023-05-11T09:22:04","date_gmt":"2023-05-11T09:22:04","guid":{"rendered":"https:\/\/jms.hyperion.ro\/?page_id=637"},"modified":"2025-02-20T23:50:06","modified_gmt":"2025-02-20T20:50:06","slug":"revista-de-studii-media-journal-of-media-studies-nr-11-2022-no-11-2022","status":"publish","type":"page","link":"https:\/\/jms.hyperion.ro\/","title":{"rendered":"Revista de Studii Media \/ Journal of Media Studies, Nr. 12-13, 2023-2024 \/ No. 12-13, 2023-2024"},"content":{"rendered":"<p><a href=\"https:\/\/jms.hyperion.ro\/wp-content\/uploads\/2025\/02\/Advisory_editorial_no12-13_2023-24.pdf\" target=\"_blank\" rel=\"noopener\">Editorial Board<\/a><\/p>\n<p><strong>ARTICLES<\/strong><\/p>\n<p>1. <a href=\"https:\/\/jms.hyperion.ro\/wp-content\/uploads\/2025\/02\/RSM_12-13_2023-2024-1-24.pdf\"><span class=\"fontstyle0\">Jurnalismul \u0219i adoptarea \u00een mas\u0103 a inteligen\u021bei artificiale<\/span> \/ Journalism and the Mass Adoption of Artificial Intelligence<\/a>, Alexandru BERCEANU, Hyperion University, Bucharest (p. 1)<\/p>\n<p>2. <a href=\"https:\/\/jms.hyperion.ro\/wp-content\/uploads\/2025\/02\/RSM_12-13_2023-2024-25-36.pdf\"><span class=\"fontstyle0\">Reglementarea Inteligen\u0163ei Artificiale \u00een Uniunea European\u0103 \u2013 respectarea drepturilor omului <\/span>\/ Regulation of Artificial Intelligence in the European Union &#8211; Respect for Human Rights<\/a>, Sorin BEJAN, Hyperion University, Bucharest\u00a0(p. 25)<\/p>\n<p>3.\u00a0 <a href=\"https:\/\/jms.hyperion.ro\/wp-content\/uploads\/2025\/02\/RSM_12-13_2023-2024-37-48.pdf\">Tehnologia digital\u0103 \u0219i problema umanismului \/ <span class=\"fontstyle0\">Digital Technology and the Humanist Issue<\/span><\/a>, Gelu SAB\u0102U, Hyperion University, Bucharest\u00a0 (p. 37)<\/p>\n<p>4. <a href=\"https:\/\/jms.hyperion.ro\/wp-content\/uploads\/2025\/02\/RSM_12-13_2023-2024-49-69.pdf\">Government Communication and Social Trust from the Perspective of Political Actors in Romania<\/a>, Ciprian Remus DUMITRU, National School of Political Studies and Public Administration, Bucharest (p. 49)<\/p>\n<p>5. <a href=\"https:\/\/jms.hyperion.ro\/wp-content\/uploads\/2025\/02\/RSM_12-13_2023-2024-70-79.pdf\"><span class=\"fontstyle0\">Noile identit\u0103\u021bi ale filmului documentar <\/span>\/\u00a0<span class=\"fontstyle0\">New Identities of Documentary Films<\/span><\/a>, <span class=\"fontstyle0\">Cosmin Leonard NICOLESCU<\/span>, National School of Political Studies and Public Administration, Bucharest<span class=\"fontstyle0\">\u00a0<\/span>(p. 70)<\/p>\n<p>6. <a href=\"https:\/\/jms.hyperion.ro\/wp-content\/uploads\/2025\/02\/RSM_12-13_2023-2024-80-88.pdf\"><span class=\"fontstyle0\">Documentarul istoric: \u00eentre tabloidizare \u0219i documdram\u0103 <\/span>\/\u00a0<span class=\"fontstyle0\">Historical Documentary: between Tabloidization and Docudrama<\/span><\/a>, <span class=\"fontstyle0\">Cosmin Leonard NICOLESCU<\/span>, National School of Political Studies and Public Administration, Bucharest (p. 80)<\/p>\n<p>7. <a href=\"https:\/\/jms.hyperion.ro\/wp-content\/uploads\/2025\/02\/RSM_12-13_2023-2024-89-93.pdf\"><span class=\"fontstyle0\">Cum s\u0103 utiliz\u0103m echilibrat inteligen\u021ba artificial\u0103 \u00een predarea limbii engleze <\/span>\/ <\/a><span class=\"fontstyle0\"><a href=\"https:\/\/jms.hyperion.ro\/wp-content\/uploads\/2025\/02\/RSM_12-13_2023-2024-89-93.pdf\">Towards a Balanced Use of Artificial Intelligence in Teaching English<\/a>, Sorin GEORGESCU, Hyperion University, Bucharest, (p. 89)<\/span><\/p>\n<p>&nbsp;<\/p>\n<p><strong>BOOK REVIEWS<\/strong><\/p>\n<p>8. <a href=\"https:\/\/jms.hyperion.ro\/wp-content\/uploads\/2025\/02\/RSM_12-13_2023-2024-94-99.pdf\"><span class=\"fontstyle0\">De la cultur\u0103 la tehnic\u0103<\/span> \/\u00a0<span class=\"fontstyle0\">From Culture to Technology<\/span><\/a>, Gelu SAB\u0102U (p. 94)<\/p>\n<p>9. <a href=\"https:\/\/jms.hyperion.ro\/wp-content\/uploads\/2025\/02\/RSM_12-13_2023-2024-100-105.pdf\"><span class=\"fontstyle0\">Fenomenologia re\u021belei<\/span> \/\u00a0<span class=\"fontstyle0\">Network Phenomenology<\/span><\/a>, Gelu SAB\u0102U (p. 100)<\/p>\n<p>10. <a href=\"https:\/\/jms.hyperion.ro\/wp-content\/uploads\/2025\/02\/RSM_12-13_2023-2024-106-111.pdf\"><span class=\"fontstyle0\">Democra\u021bia \u0219i comunicarea online<\/span>\u00a0\/ <span class=\"fontstyle0\">Democracy and Online Communication<\/span><\/a>, Gelu SAB\u0102U (p. 106)<\/p>\n<p>11. <a href=\"https:\/\/jms.hyperion.ro\/wp-content\/uploads\/2025\/02\/RSM_12-13_2023-2024-112-118.pdf\"><span class=\"fontstyle0\">Discursul politic \u00een postistorie <\/span>\/ The <span class=\"fontstyle0\">Political Discourse in P<\/span><span class=\"fontstyle0\">osthistory<\/span><\/a><span class=\"fontstyle0\">, Gelu SAB\u0102U (p. 112)<\/span><\/p>\n<p>&nbsp;<\/p>\n","protected":false},"excerpt":{"rendered":"<p>Editorial Board ARTICLES 1. Jurnalismul \u0219i adoptarea \u00een mas\u0103 a inteligen\u021bei artificiale \/ Journalism and the Mass Adoption of Artificial Intelligence, Alexandru BERCEANU, Hyperion University, Bucharest (p. 1) 2. Reglementarea Inteligen\u0163ei Artificiale \u00een Uniunea European\u0103 \u2013 respectarea drepturilor omului \/ Regulation of Artificial Intelligence in the European Union &#8211; Respect for Human Rights, Sorin BEJAN, [&hellip;]<\/p>\n","protected":false},"author":1,"featured_media":0,"parent":0,"menu_order":0,"comment_status":"closed","ping_status":"closed","template":"","meta":{"footnotes":""},"class_list":["post-637","page","type-page","status-publish","hentry"],"_links":{"self":[{"href":"https:\/\/jms.hyperion.ro\/index.php\/wp-json\/wp\/v2\/pages\/637","targetHints":{"allow":["GET"]}}],"collection":[{"href":"https:\/\/jms.hyperion.ro\/index.php\/wp-json\/wp\/v2\/pages"}],"about":[{"href":"https:\/\/jms.hyperion.ro\/index.php\/wp-json\/wp\/v2\/types\/page"}],"author":[{"embeddable":true,"href":"https:\/\/jms.hyperion.ro\/index.php\/wp-json\/wp\/v2\/users\/1"}],"replies":[{"embeddable":true,"href":"https:\/\/jms.hyperion.ro\/index.php\/wp-json\/wp\/v2\/comments?post=637"}],"version-history":[{"count":8,"href":"https:\/\/jms.hyperion.ro\/index.php\/wp-json\/wp\/v2\/pages\/637\/revisions"}],"predecessor-version":[{"id":734,"href":"https:\/\/jms.hyperion.ro\/index.php\/wp-json\/wp\/v2\/pages\/637\/revisions\/734"}],"wp:attachment":[{"href":"https:\/\/jms.hyperion.ro\/index.php\/wp-json\/wp\/v2\/media?parent=637"}],"curies":[{"name":"wp","href":"https:\/\/api.w.org\/{rel}","templated":true}]}}