{"id":554,"date":"2022-05-14T21:08:20","date_gmt":"2022-05-14T21:08:20","guid":{"rendered":"https:\/\/jms.hyperion.ro\/?page_id=554"},"modified":"2022-06-09T11:00:38","modified_gmt":"2022-06-09T11:00:38","slug":"revista-de-studii-media-journal-of-media-studies-nr-10-2021-no-10-2021","status":"publish","type":"page","link":"https:\/\/jms.hyperion.ro\/index.php\/revista-de-studii-media-journal-of-media-studies-nr-10-2021-no-10-2021\/","title":{"rendered":"Revista de Studii Media \/ Journal of Media Studies, Nr. 10, 2021 \/ No. 10, 2021"},"content":{"rendered":"<p><a href=\"https:\/\/jms.hyperion.ro\/wp-content\/uploads\/2022\/06\/Advisory_editorial_no10_2021.pdf\">Editorial Board<\/a><\/p>\n<p><strong><span class=\"fontstyle0\">THE MASS MEDIA IN THE POST-TRUTH ERA. THE TRANSFIGURATION OF THE PRESS?<\/span><\/strong><\/p>\n<p><strong>OPINION ARTICLES<\/strong><\/p>\n<p>1. <a href=\"https:\/\/jms.hyperion.ro\/wp-content\/uploads\/2022\/06\/1.-Metaverse.pdf\"><em>Metaverse<\/em> sau schimbarea la fa\u021b\u0103 a platformelor sociale \/ Metaverse or the Transfiguration of Social Platforms<\/a>, Diana P\u0102TRA\u0218CU, Hyperion University, Bucharest (p. 1)<\/p>\n<p>2. <a href=\"https:\/\/jms.hyperion.ro\/wp-content\/uploads\/2022\/06\/2.-Reflectarea-artelor-spectacolului-in-mass-media.pdf\">Reflectarea artelor spectacolului \u00een mass-media. Festivalul Interna\u021bional de teatru de la Sibiu, edi\u021biile 2020 \u0219i 2021 \u2013 online, fizic, hibrid \/ <span class=\"Y2IQFc\" lang=\"en\">Reflecting the Performing Arts in the Media. Sibiu International Theater Festival, 2020 and 2021 Editions &#8211; Online, Physical, Hybrid<\/span><\/a>, Claudia MAIOR, Lucian Blaga University, Sibiu (p. 5)<\/p>\n<p>3. <a href=\"https:\/\/jms.hyperion.ro\/wp-content\/uploads\/2022\/06\/3.-Arta-si-politica-in-presa-culturala.pdf\">Art\u0103 \u0219i politic\u0103 \u00een presa cultural\u0103. O abordare contextual\u0103 a discursului post-2010 \u00een artele vizuale \/ <span class=\"Y2IQFc\" lang=\"en\">Arts and Politics in Cultural Journalism. A Contextual Approach to post-2010 Discourse in the Visual Arts<\/span><\/a>, Flavia LUPU, UNARTE, Bucharest (p. 10)<\/p>\n<p><strong>RESEARCH ARTICLES<\/strong><\/p>\n<p>4. <a href=\"https:\/\/jms.hyperion.ro\/wp-content\/uploads\/2022\/05\/4.-RSM_10_2021-15-29.pdf\">What is Post-Truth? How did we get here?<\/a>, Gelu SAB\u0102U, Hyperion University, Bucharest (p. 15)<\/p>\n<p>5. <a href=\"https:\/\/jms.hyperion.ro\/wp-content\/uploads\/2022\/05\/5.-RSM_10_2021-30-43.pdf\">Reflections Towards the Truth in the Fair&#8217;s Mirror of the Post-Truth Media<\/a>, Sorin SUCIU, Sapientia Hungarian University, T\u00e2rgu Mure\u0219 (p. 30)<\/p>\n<p>6. <a href=\"https:\/\/jms.hyperion.ro\/wp-content\/uploads\/2022\/05\/6.-RSM_10_2021-44-55.pdf\">The Rise of Digital Populism in Romania<\/a>, Flavius GHENDER, Aurel Vlaicu University, Arad (p. 44)<\/p>\n<p>7. <a href=\"https:\/\/jms.hyperion.ro\/wp-content\/uploads\/2022\/05\/7.-RSM_10_2021-56-67.pdf\">Religious Relativization through Anime in the Post-Truth Era<\/a>, Valentina-Andrada MINEA, University of Bucharest (p. 56)<\/p>\n<p>8. <a href=\"https:\/\/jms.hyperion.ro\/wp-content\/uploads\/2022\/06\/8.-Epoca-post-adevar-copil-nelegitim.pdf\">Epoca post-adev\u0103r, copil nelegitim al nevoii noastre ancestrale de poveste? \/ <span class=\"Y2IQFc\" lang=\"en\">The Post-Truth Era, the Illegitimate Child of our Ancestral Need for Storytelling?<\/span><\/a>, Marina ROMAN, Hyperion University, Bucharest (p. 68)<\/p>\n<p><strong>MISCELLANEA<\/strong><\/p>\n<p>9. <a href=\"https:\/\/jms.hyperion.ro\/wp-content\/uploads\/2022\/06\/9.-Europa-si-drumul-\u201ecelei-de-a-treia-cai.pdf\">Europa \u0219i drumul celei &#8222;de-a treia c\u0103i&#8221;. Este posibil\u0103 o a treia super-putere mondial\u0103? \/ <span class=\"Y2IQFc\" lang=\"en\">Europe and the Path to the &#8222;Third Way&#8221;. Is a Third-World Superpower Possible?<\/span><\/a>, \u0218tefan CIOCHINARU, Hyperion University, Bucharest (p. 75)<\/p>\n<p>10. <a href=\"https:\/\/jms.hyperion.ro\/wp-content\/uploads\/2022\/05\/10.-RSM_10_2021-84-95.pdf\">Despre Trianon \u00een epoca noului protest antirasist. Dou\u0103 dialoguri cu istoria \u0219i o \u00eencercare de conciliere \/ Discussing <span class=\"Y2IQFc\" lang=\"en\">Trianon at the Time of New Anti-Racist Protests. Two Dialogues with History and an Attempt at Conciliation<\/span><\/a>, Victor RIZESCU, University of Bucharest (p. 84)<\/p>\n","protected":false},"excerpt":{"rendered":"<p>Editorial Board THE MASS MEDIA IN THE POST-TRUTH ERA. THE TRANSFIGURATION OF THE PRESS? OPINION ARTICLES 1. Metaverse sau schimbarea la fa\u021b\u0103 a platformelor sociale \/ Metaverse or the Transfiguration of Social Platforms, Diana P\u0102TRA\u0218CU, Hyperion University, Bucharest (p. 1) 2. Reflectarea artelor spectacolului \u00een mass-media. Festivalul Interna\u021bional de teatru de la Sibiu, edi\u021biile 2020 [&hellip;]<\/p>\n","protected":false},"author":1,"featured_media":0,"parent":0,"menu_order":0,"comment_status":"closed","ping_status":"closed","template":"","meta":{"footnotes":""},"class_list":["post-554","page","type-page","status-publish","hentry"],"_links":{"self":[{"href":"https:\/\/jms.hyperion.ro\/index.php\/wp-json\/wp\/v2\/pages\/554","targetHints":{"allow":["GET"]}}],"collection":[{"href":"https:\/\/jms.hyperion.ro\/index.php\/wp-json\/wp\/v2\/pages"}],"about":[{"href":"https:\/\/jms.hyperion.ro\/index.php\/wp-json\/wp\/v2\/types\/page"}],"author":[{"embeddable":true,"href":"https:\/\/jms.hyperion.ro\/index.php\/wp-json\/wp\/v2\/users\/1"}],"replies":[{"embeddable":true,"href":"https:\/\/jms.hyperion.ro\/index.php\/wp-json\/wp\/v2\/comments?post=554"}],"version-history":[{"count":0,"href":"https:\/\/jms.hyperion.ro\/index.php\/wp-json\/wp\/v2\/pages\/554\/revisions"}],"wp:attachment":[{"href":"https:\/\/jms.hyperion.ro\/index.php\/wp-json\/wp\/v2\/media?parent=554"}],"curies":[{"name":"wp","href":"https:\/\/api.w.org\/{rel}","templated":true}]}}