{"id":250,"date":"2019-02-20T15:01:41","date_gmt":"2019-02-20T15:01:41","guid":{"rendered":"https:\/\/jms.hyperion.ro\/?page_id=250"},"modified":"2019-09-30T09:54:48","modified_gmt":"2019-09-30T09:54:48","slug":"journal-of-media-studies-vol-7-2018","status":"publish","type":"page","link":"https:\/\/jms.hyperion.ro\/index.php\/journal-of-media-studies-vol-7-2018\/","title":{"rendered":"Revista de Studii Media \/ Journal of Media Studies, Nr. 7, 2018 \/ No. 7, 2018"},"content":{"rendered":"<p><a href=\"https:\/\/jms.hyperion.ro\/wp-content\/uploads\/2019\/07\/Advisory_editorial_no7_2018.pdf\">Editorial Board<\/a><\/p>\n<p><a href=\"https:\/\/jms.hyperion.ro\/wp-content\/uploads\/2019\/07\/0.rsm2018-cuprins-pages-5-7.pdf\">Cuv\u00e2nt \u00eenainte \/ Foreword<\/a>, Sever SP\u00c2NULESCU, Hyperion University, Bucharest<\/p>\n<p><strong>OPINION ARTICLES<\/strong><\/p>\n<p>1. <a href=\"https:\/\/jms.hyperion.ro\/wp-content\/uploads\/2019\/02\/1.rsm2018-dorin-matei.pdf\">Mass-Media \u0219i democra\u021bia. Un dram de istorie \/ Mass-Media and Democracy. A Grain of History<\/a>, Dorin MATEI, Editor-in-chief of \u201cMagazin istoric\u201d (p. 8)<\/p>\n<p>2. <a href=\"https:\/\/jms.hyperion.ro\/wp-content\/uploads\/2019\/02\/2.rsm2018-avadani.pdf\">Jurnalism \u0219i agend\u0103 public\u0103: mai multe \u00eentreb\u0103ri dec\u00e2t r\u0103spunsuri. \u0218i o speran\u021b\u0103 \/ Journalism and the Public Agenda: More Questions than Answers. And a Sense of Hope<\/a>, Ioana AV\u0102DANI, Head of the Centre of Independent Journalism (p. 12)<\/p>\n<p>3. <a href=\"https:\/\/jms.hyperion.ro\/wp-content\/uploads\/2019\/02\/3.rsm2018-voinea.pdf\">\u00cencrederea se pr\u0103bu\u0219e\u0219te, Radioul r\u0103m\u00e2ne \/ Confidence Is Crumbling, Radio Is Staying<\/a>, Flavia VOINEA, Editor-in-chief Radio Rom\u00e2nia Bucure\u015fti FM (p. 17)<\/p>\n<p>4. <a href=\"https:\/\/jms.hyperion.ro\/wp-content\/uploads\/2019\/02\/4.rsm2018-nahoi.pdf\">Atunci c\u00e2nd presa este atacat\u0103, urm\u0103toarea victim\u0103 va fi democra\u021bia \/ When Press Is under Attack, Democracy Will Be the Next Victim<\/a>, Ovidiu NAHOI, Editor-in-chief Radio France Internationale \u2013 Romania (p. 20)<\/p>\n<p>5. <a href=\"https:\/\/jms.hyperion.ro\/wp-content\/uploads\/2019\/02\/5.rsm2018-gorodcov.pdf\">Journalism in the Digital Age. The Wide Ramifications of the Fourth Revolution: the Digital Revolution or the New IT World Order<\/a>, Mihaela GORODCOV, Manager of iBusiness Romania, Associate Professor at Hyperion University, Bucharest (p. 26)<\/p>\n<p><strong>RESEARCH ARTICLES<\/strong><\/p>\n<p>6. <a href=\"https:\/\/jms.hyperion.ro\/wp-content\/uploads\/2019\/02\/6.rsm2018-ciochinaru.pdf\">Mass-Media and Democracy in Romania. <em>Does the Press Still Represent the Public Agenda<\/em>?<\/a> \u015etefan CIOCHINARU, Hyperion University, Bucharest (p. 31)<\/p>\n<p>7. <a href=\"https:\/\/jms.hyperion.ro\/wp-content\/uploads\/2019\/02\/7.rsm2018-liana-ionescu.pdf\">Media Discourse and Romania\u2019s Strategic Options in the \u201cPost-Truth\u201d Era<\/a>, Liana IONESCU, Hyperion University, Bucharest (p. 49)<\/p>\n<p>8. <a href=\"https:\/\/jms.hyperion.ro\/wp-content\/uploads\/2019\/02\/8.rsm2018-ghitoi.pdf\">False News and the Public Agenda<\/a>, Adriana GHI\u0162OI, Hyperion University, Bucharest (p. 63)<\/p>\n<p>9. <a href=\"https:\/\/jms.hyperion.ro\/wp-content\/uploads\/2019\/02\/9.rsm2018-onofrei.pdf\">Contemporary Media, Beyond the Fourth Estate<\/a>, George-Lucian ONOFREI, Hyperion University, Bucharest (p. 76)<\/p>\n<p>10. <a href=\"https:\/\/jms.hyperion.ro\/wp-content\/uploads\/2019\/02\/10.rsm2018-sabau.pdf\">The Public Sphere and Contemporary Democracy in Romania<\/a>, Gelu SAB\u0102U, Hyperion University, Bucharest (p. 90)<\/p>\n<p>11. <a href=\"https:\/\/jms.hyperion.ro\/wp-content\/uploads\/2019\/02\/11.rsm2018-condea.pdf\">Mass-Media \u0219i democra\u021bia \u00een Rom\u00e2nia \/ Mass-Media and Democracy in Romania<\/a>, Ioan CONDEA, Hyperion University, Bucharest (p. 101)<\/p>\n","protected":false},"excerpt":{"rendered":"<p>Editorial Board Cuv\u00e2nt \u00eenainte \/ Foreword, Sever SP\u00c2NULESCU, Hyperion University, Bucharest OPINION ARTICLES 1. Mass-Media \u0219i democra\u021bia. Un dram de istorie \/ Mass-Media and Democracy. A Grain of History, Dorin MATEI, Editor-in-chief of \u201cMagazin istoric\u201d (p. 8) 2. Jurnalism \u0219i agend\u0103 public\u0103: mai multe \u00eentreb\u0103ri dec\u00e2t r\u0103spunsuri. \u0218i o speran\u021b\u0103 \/ Journalism and the Public [&hellip;]<\/p>\n","protected":false},"author":1,"featured_media":0,"parent":0,"menu_order":0,"comment_status":"closed","ping_status":"closed","template":"","meta":{"footnotes":""},"class_list":["post-250","page","type-page","status-publish","hentry"],"_links":{"self":[{"href":"https:\/\/jms.hyperion.ro\/index.php\/wp-json\/wp\/v2\/pages\/250","targetHints":{"allow":["GET"]}}],"collection":[{"href":"https:\/\/jms.hyperion.ro\/index.php\/wp-json\/wp\/v2\/pages"}],"about":[{"href":"https:\/\/jms.hyperion.ro\/index.php\/wp-json\/wp\/v2\/types\/page"}],"author":[{"embeddable":true,"href":"https:\/\/jms.hyperion.ro\/index.php\/wp-json\/wp\/v2\/users\/1"}],"replies":[{"embeddable":true,"href":"https:\/\/jms.hyperion.ro\/index.php\/wp-json\/wp\/v2\/comments?post=250"}],"version-history":[{"count":0,"href":"https:\/\/jms.hyperion.ro\/index.php\/wp-json\/wp\/v2\/pages\/250\/revisions"}],"wp:attachment":[{"href":"https:\/\/jms.hyperion.ro\/index.php\/wp-json\/wp\/v2\/media?parent=250"}],"curies":[{"name":"wp","href":"https:\/\/api.w.org\/{rel}","templated":true}]}}