{"id":229,"date":"2019-02-20T14:49:26","date_gmt":"2019-02-20T14:49:26","guid":{"rendered":"https:\/\/jms.hyperion.ro\/?page_id=229"},"modified":"2019-07-26T17:10:02","modified_gmt":"2019-07-26T17:10:02","slug":"revista-de-studii-media-nr-5-6-2016-2017","status":"publish","type":"page","link":"https:\/\/jms.hyperion.ro\/index.php\/revista-de-studii-media-nr-5-6-2016-2017\/","title":{"rendered":"Revista de Studii Media \/ Journal of Media Studies, Nr. 5-6, 2016-2017 \/ No. 5-6, 2016-2017"},"content":{"rendered":"<p><a href=\"https:\/\/jms.hyperion.ro\/wp-content\/uploads\/2019\/07\/Advisory_editorial_no5-6_2016-17.pdf\"><span style=\"font-family: Times New Roman, serif;\">Editorial Board<\/span><\/a><\/p>\n<p align=\"justify\"><span style=\"font-family: Times New Roman, serif;\"><b>IDEOLOGII, TEORII, PRACTICI POLITICE \u015eI GEOPOLITICE \/ IDEOLOGIES, THEORIES, POLITICAL AND GEOPOLITICAL PRACTICES<\/b><\/span><\/p>\n<p>1. <span style=\"font-family: Times New Roman, serif;\"><a href=\"https:\/\/jms.hyperion.ro\/wp-content\/uploads\/2019\/02\/1.-rsm201617-ciochinaru.pdf\">Interesul na\u021bional, \u00eentre infirmare teoretic\u0103 \u015fi afirmare practic\u0103\/ National Interest, between Theoretical Refutation and Practical Validation<\/a>, <\/span><span style=\"font-family: Times New Roman, serif;\">\u015etefan CIOCHINARU, Hyperion University, Bucharest, <\/span>(p. 5)<\/p>\n<p>2. <span style=\"font-family: Times New Roman, serif;\"><a href=\"https:\/\/jms.hyperion.ro\/wp-content\/uploads\/2019\/02\/2.-rsm201617-chita.pdf\">Fe\u021bele leninismului: o analiz\u0103 ideologic\u0103 a totalitarismului sovietic \u00een Rom\u00e2nia socialist\u0103 (1948-1989) \/ The Facets of Leninism: An Ideological Analysis of Soviet Totalitarianism in Socialist Romania (1948-1989)<\/a>, <\/span><span style=\"font-family: Times New Roman, serif;\">Dan Alexandru CHI\u0162A, University of Bucharest, <\/span>(p. 12)<\/p>\n<p align=\"justify\"><span style=\"font-family: Times New Roman, serif;\"><b>LIBERTATEA DE EXPRESIE \u015eI RESPONSABILITATEA SOCIAL\u0102\/ FREEDOM OF EXPRESSION AND SOCIAL RESPONSIBILITY<\/b><\/span><\/p>\n<p>3. <a href=\"https:\/\/jms.hyperion.ro\/wp-content\/uploads\/2019\/02\/3.-rsm201617-sabau.pdf\"><span style=\"font-family: Times New Roman, serif;\"><i>Charlie Hebdo. <\/i><\/span><span style=\"font-family: Times New Roman, serif;\">De la libertatea de exprimare la decizia etic\u0103 \/ <\/span><span style=\"font-family: Times New Roman, serif;\"><i>Charlie Hebdo. <\/i><\/span><span style=\"font-family: Times New Roman, serif;\">From Freedom of Expression to Ethical Decision<\/span><\/a><span style=\"font-family: Times New Roman, serif;\">, <\/span><span style=\"font-family: Times New Roman, serif;\">Gelu SAB\u0102U, Hyperion University, Bucharest, <\/span>(p. 52)<\/p>\n<p>4. <span style=\"font-family: Times New Roman, serif;\"><a href=\"https:\/\/jms.hyperion.ro\/wp-content\/uploads\/2019\/02\/4.-rsm201617-ionescu.pdf\">Tabloidizarea \u2013 libertate f\u0103r\u0103 responsabilitate\/ The Tabloidization \u2013 Freedom without Responsibility<\/a>, <\/span><span style=\"font-family: Times New Roman, serif;\">Liana IONESCU, Hyperion University, Bucharest, <\/span>(p. 80)<\/p>\n<p>5. <span style=\"font-family: Times New Roman, serif;\"><a href=\"https:\/\/jms.hyperion.ro\/wp-content\/uploads\/2019\/02\/5.-rsm201617-onofrei.pdf\">Virtualul, element de propagare a violen\u021bei \u00een spa\u021biul public\/ Virtual Reality, a Channel for Spreading Violence in the Public Space<\/a>, <\/span><span style=\"font-family: Times New Roman, serif;\">George Lucian ONOFREI, Hyperion University, Bucharest, <\/span>(p. 90)<\/p>\n<p align=\"justify\"><span style=\"font-family: Times New Roman, serif;\"><b>\u00ceNV\u0102\u021a\u0102M\u00c2NTUL SUPERIOR JURNALISTIC: REALIT\u0102\u021aI \u015eI PROVOC\u0102RI CONTEMPORANE \/ JOURNALISTIC HIGHER EDUCATION: CONTEMPORARY REALITIES AND CHALLENGES<\/b><\/span><\/p>\n<p>6. <span style=\"font-family: Times New Roman, serif;\"><a href=\"https:\/\/jms.hyperion.ro\/wp-content\/uploads\/2019\/02\/6.-rsm201617-ionescu.pdf\">What Makes a Journalist? Perceptions and Aspirations of the Romanian Students<\/a>, <\/span><span style=\"font-family: Times New Roman, serif;\">Liana IONESCU, Hyperion University, Bucharest, <\/span>(p. 100)<\/p>\n<p>7. <span style=\"font-family: Times New Roman, serif;\"><a href=\"https:\/\/jms.hyperion.ro\/wp-content\/uploads\/2019\/02\/7.-rsm201617-sabau.pdf\">\u00cenv\u0103\u021b\u0103m\u00e2ntul superior \u015fi pia\u021ba muncii \/ Higher Education and Labor Market<\/a>, <\/span><span style=\"font-family: Times New Roman, serif;\">Gelu SAB\u0102U, Hyperion University, Bucharest, <\/span>(p. 113)<\/p>\n<p>8. <span style=\"font-family: Times New Roman, serif;\"><a href=\"https:\/\/jms.hyperion.ro\/wp-content\/uploads\/2019\/02\/8.-rsm201617-ghitoi.pdf\">Vechi \u015fi nou \u00een retorica interac\u021biunii didactice\/ Old and New in the Rhetoric of Didactic Interaction<\/a>, <\/span><span style=\"font-family: Times New Roman, serif;\">Adriana GHI\u0162OI, Hyperion University, Bucharest, <\/span>(p. 124)<\/p>\n<p>9. <span style=\"font-family: Times New Roman, serif;\"><a href=\"https:\/\/jms.hyperion.ro\/wp-content\/uploads\/2019\/02\/9.-rsm201617-onofrei.pdf\">Sistemul educa\u021bional actual: restartare sau \u00eencremenire \u00een proiect? \/ The Current Educational System: A Restart or a Standstill?<\/a>, <\/span><span style=\"font-family: Times New Roman, serif;\">George Lucian ONOFREI, Hyperion University, Bucharest, <\/span>(p. 139)<\/p>\n<p align=\"justify\"><span style=\"font-family: Times New Roman, serif;\"><b>COMUNICAREA: ASPECTE, FORME SPECIFICE, MECANISM SOCIAL \/ COMMUNICATION: POINTS OF VIEW, SPECIFIC FORMS, SOCIAL MECHANISM<\/b><\/span><\/p>\n<p>10. <span style=\"font-family: Times New Roman, serif;\"><a href=\"https:\/\/jms.hyperion.ro\/wp-content\/uploads\/2019\/02\/10.-rsm201617-enescu.pdf\">Dimensiunile comunic\u0103rii \u2013 un mecanism complex de anticipare \u015fi interpretare \/ The Dimensions of Communication \u2013 A Complex Mechanism of Anticipation and Interpretation<\/a>, <\/span><span style=\"font-family: Times New Roman, serif;\">Alexandra M\u0102RG\u0102RIT-ENESCU, Hyperion University, Bucharest, <\/span>(p. 146)<\/p>\n<p>11. <span style=\"font-family: Times New Roman, serif;\"><a href=\"https:\/\/jms.hyperion.ro\/wp-content\/uploads\/2019\/02\/11.-rsm201617-enescu.pdf\">Publicitatea politic\u0103\/ Political Advertising<\/a>, <\/span><span style=\"font-family: Times New Roman, serif;\">Alexandra M\u0102RG\u0102RIT-ENESCU, Hyperion University, Bucharest, <\/span>(p. 152)<\/p>\n<p>12. <span style=\"font-family: Times New Roman, serif;\"><a href=\"https:\/\/jms.hyperion.ro\/wp-content\/uploads\/2019\/02\/12.-rsm201617-mocanasu.pdf\">Schimbarea mentalit\u0103\u021bii \u00een activit\u0103\u021bile voluntare \/ Changing Mentality in Voluntary Activities<\/a>, <\/span><span style=\"font-family: Times New Roman, serif;\">Nina MOC\u0102NA\u015eU, Hyperion University, Bucharest, <\/span>(p. 161)<\/p>\n<p align=\"justify\"><span style=\"font-family: Times New Roman, serif;\"><b>PRESA \u00ceN OGLINDA TIMPULUI \/ A HISTORICAL PERSPECTIVE ON THE WRITTEN PRESS<\/b><\/span><\/p>\n<p>13. <span style=\"font-family: Times New Roman, serif;\"><a href=\"https:\/\/jms.hyperion.ro\/wp-content\/uploads\/2019\/02\/13.-rsm201617-popescu.pdf\">Note pentru o istorie a presei rom\u00e2ne: \u201cManifestul crinului alb\u201d \u015fi campania genera\u021bionist\u0103 \/ Notes for a History of the Romanian Written Press: \u201cThe Manifest of the White Lily\u201d and the Generationist Campaign<\/a>, <\/span><span style=\"font-family: Times New Roman, serif;\">Cristian Florin POPESCU, Hyperion University, Bucharest, <\/span>(p. 169)<\/p>\n<p>14. <span style=\"font-family: Times New Roman, serif;\"><a href=\"https:\/\/jms.hyperion.ro\/wp-content\/uploads\/2019\/02\/14.-rsm201617-popescu.pdf\">Adnot\u0103ri asupra discursului polemic. Campania genera\u021bionist\u0103 \/ Annotations on the Polemical Discourse. The Generationist Campaign<\/a>, <\/span><span style=\"font-family: Times New Roman, serif;\">Cristian Florin POPESCU, Hyperion University, Bucharest, <\/span>(p. 187)<\/p>\n","protected":false},"excerpt":{"rendered":"<p>Editorial Board IDEOLOGII, TEORII, PRACTICI POLITICE \u015eI GEOPOLITICE \/ IDEOLOGIES, THEORIES, POLITICAL AND GEOPOLITICAL PRACTICES 1. Interesul na\u021bional, \u00eentre infirmare teoretic\u0103 \u015fi afirmare practic\u0103\/ National Interest, between Theoretical Refutation and Practical Validation, \u015etefan CIOCHINARU, Hyperion University, Bucharest, (p. 5) 2. Fe\u021bele leninismului: o analiz\u0103 ideologic\u0103 a totalitarismului sovietic \u00een Rom\u00e2nia socialist\u0103 (1948-1989) \/ The Facets [&hellip;]<\/p>\n","protected":false},"author":1,"featured_media":0,"parent":0,"menu_order":0,"comment_status":"closed","ping_status":"closed","template":"","meta":{"footnotes":""},"class_list":["post-229","page","type-page","status-publish","hentry"],"_links":{"self":[{"href":"https:\/\/jms.hyperion.ro\/index.php\/wp-json\/wp\/v2\/pages\/229","targetHints":{"allow":["GET"]}}],"collection":[{"href":"https:\/\/jms.hyperion.ro\/index.php\/wp-json\/wp\/v2\/pages"}],"about":[{"href":"https:\/\/jms.hyperion.ro\/index.php\/wp-json\/wp\/v2\/types\/page"}],"author":[{"embeddable":true,"href":"https:\/\/jms.hyperion.ro\/index.php\/wp-json\/wp\/v2\/users\/1"}],"replies":[{"embeddable":true,"href":"https:\/\/jms.hyperion.ro\/index.php\/wp-json\/wp\/v2\/comments?post=229"}],"version-history":[{"count":0,"href":"https:\/\/jms.hyperion.ro\/index.php\/wp-json\/wp\/v2\/pages\/229\/revisions"}],"wp:attachment":[{"href":"https:\/\/jms.hyperion.ro\/index.php\/wp-json\/wp\/v2\/media?parent=229"}],"curies":[{"name":"wp","href":"https:\/\/api.w.org\/{rel}","templated":true}]}}