{"id":181,"date":"2018-09-24T16:00:31","date_gmt":"2018-09-24T16:00:31","guid":{"rendered":"https:\/\/jms.hyperion.ro\/?page_id=181"},"modified":"2019-10-20T18:18:24","modified_gmt":"2019-10-20T18:18:24","slug":"revista-de-studii-media-nr-4-2015","status":"publish","type":"page","link":"https:\/\/jms.hyperion.ro\/index.php\/revista-de-studii-media-nr-4-2015\/","title":{"rendered":"Revista de Studii Media \/ Journal of Media Studies, Nr. 4, 2015 \/ No. 4, 2015"},"content":{"rendered":"<p><a href=\"https:\/\/jms.hyperion.ro\/wp-content\/uploads\/2019\/07\/Advisory_editorial_no4_2015.pdf\">Editorial Board<\/a><\/p>\n<p><strong>SOCIAL MEDIA<\/strong><\/p>\n<p>1. <a href=\"https:\/\/jms.hyperion.ro\/wp-content\/uploads\/2018\/09\/1.-rsm2015-marin.pdf\">Fenomenul social media \u015fi interferen\u021bele cu mass-media \/ The Social Media Phenomenon and Its Interferences with Mass-Media<\/a>, Ion MARIN, Hyperion University, Bucharest (p. 6)<\/p>\n<p>2. <a href=\"https:\/\/jms.hyperion.ro\/wp-content\/uploads\/2018\/09\/2.-rsm2015-popescu.pdf\">\u201cJurnalismul cet\u0103\u021benesc\u201d, o consecin\u021b\u0103 a social media \/ \u201cCitizen Journalism\u201d, a Consequence of Social Media<\/a>, Cristian Florin POPESCU, Hyperion University, Bucharest (p. 15)<\/p>\n<p>3. <a href=\"https:\/\/jms.hyperion.ro\/wp-content\/uploads\/2018\/09\/3.-rsm2015-pisleag-toader.pdf\">Securitatea re\u021belelor sociale din mediul online\/ Online Social Networks Security<\/a>, \u021au\u021bu PI\u0218LEAG, Hyperion University, Bucharest, C\u0103t\u0103lin TOADER, \u201cAlexandru Ioan Cuza\u201d Police Academy (p. 23)<\/p>\n<p>4. <a href=\"https:\/\/jms.hyperion.ro\/wp-content\/uploads\/2018\/09\/4.-rsm2015-stan.pdf\">Luarea deciziilor \u00een social media \/ Making Decisions in Social Media<\/a>, Emil STAN, Hyperion University, Bucharest (p. 33)<\/p>\n<p>5. <a href=\"https:\/\/jms.hyperion.ro\/wp-content\/uploads\/2018\/09\/5.-rsm2015-ionescu.pdf\">Re\u021bele sociale \u015fi comunicarea jurnalistic\u0103\/ Social Networks and Journalistic Communication<\/a>, Liana IONESCU, Hyperion University, Bucharest (p. 46)<\/p>\n<p>6. <a href=\"https:\/\/jms.hyperion.ro\/wp-content\/uploads\/2018\/09\/6.-rsm2015-sabau.pdf\">Sistemul de educa\u021bie \u015fi lumea digital\u0103\/ The Educational System and the Digital World<\/a>, Gelu SAB\u0102U, Hyperion University, Bucharest (p. 54)<\/p>\n<p>7. <a href=\"https:\/\/jms.hyperion.ro\/wp-content\/uploads\/2018\/09\/7.-rsm2015-sararu.pdf\">Jurnalismul cet\u0103\u021benesc \u2013 binecuv\u00e2ntare sau blestem? \/ Citizen Journalism \u2013 A Blessing or a Curse<\/a>? Alexandra S\u0102RARU, Hyperion University, Bucharest (p. 63)<\/p>\n<p>8. <a href=\"https:\/\/jms.hyperion.ro\/wp-content\/uploads\/2018\/09\/8.-rsm2015-marin.pdf\">Re\u021belele sociale \u015fi criminalitatea cibernetic\u0103 \u00een r\u0103zboiul informa\u021bional \/ Social Networks and the Cybernetic Criminality in the Informational War<\/a>, Teodora MARIN, \u201cAlexandru Ioan Cuza\u201d Police Academy (p. 71)<\/p>\n<p><strong>MISCELLANEA<\/strong><\/p>\n<p>9. <a href=\"https:\/\/jms.hyperion.ro\/wp-content\/uploads\/2018\/09\/9.-rsm2015-popescu-misc.pdf\">Sisteme de valori \u00een contextual socio-economic contemporan. Mai are nevoie Rom\u00e2nia de \u00eenv\u0103\u021b\u0103m\u00e2nt? \/ Value Systems in the Contemporary Socio-Economic Context. Does Romania Still Need Education?<\/a> Cristian Florin POPESCU, Hyperion University, Bucharest (p. 80)<\/p>\n<p>10. <a href=\"https:\/\/jms.hyperion.ro\/wp-content\/uploads\/2018\/09\/10.-rsm2015-pisleag-misc.pdf\">Domeniul criminalit\u0103\u021bii informatice \u2013 subiect de pres\u0103 \/ The Area of Cyber-Crime as Mass-Media Subject<\/a>, Emil STAN, Hyperion University, Bucharest (p. 102)<\/p>\n<p>11. <a href=\"https:\/\/jms.hyperion.ro\/wp-content\/uploads\/2018\/09\/11.-rsm2015-stan-misc.pdf\">M\u00e2ndria de a fi rom\u00e2n \u015fi excep\u021bionalismul american \/ The Pride of Being Romanian and the American Exceptionalism<\/a>, \u021au\u021bu PI\u0218LEAG, Hyperion University, Bucharest (p. 95)<\/p>\n<p>12. <a href=\"https:\/\/jms.hyperion.ro\/wp-content\/uploads\/2019\/10\/Lorintiu_abs_engl_pdf.pdf\">Marginalii de interpretare \u015fi provoc\u0103ri \u00een spa\u021biul libert\u0103\u021bii de expresie \u00een pres\u0103, dup\u0103 atentatele din Fran\u021ba (ianuarie 2015) \/ Marginalia of Interpretation and Challenges of the Freedom of Expression in Mass-Media after the Terrorist Attacks in France (January 2015)<\/a>, Cleopatra LORIN\u021aIU, Representative of the <em>Observatoire d\u2019Etudes Geostrategiques de Paris<\/em> in Bucharest, coordinator CCERPA (p. 109)<\/p>\n<p>13. <a href=\"https:\/\/jms.hyperion.ro\/wp-content\/uploads\/2018\/09\/13.-rsm2015-mocanasu-misc.pdf\">Consumul de media \u015fi managementul \u00een spa\u021biul socio-uman \/ The Media Consumption and the Management in the Field of Socio-Humanistic Sciences<\/a>, Nina MOC\u0102NA\u0218U, Hyperion University, Bucharest (p. 119)<\/p>\n<p>14. <a href=\"https:\/\/jms.hyperion.ro\/wp-content\/uploads\/2018\/09\/14.-rsm2015-enescu-misc.pdf\">Opinia public\u0103 \u015fi dezbatarea public\u0103\/ Public Opinion and Public Debates<\/a>, Alexandra M\u0102RG\u0102RIT-ENESCU, Hyperion University, Bucharest (p. 129)<\/p>\n<p>15. <a href=\"https:\/\/jms.hyperion.ro\/wp-content\/uploads\/2018\/09\/15.-rsm2015-oprea-misc.pdf\">Imaginea rom\u00e2nilor \u00een secolul XIX din perspectiva c\u0103l\u0103torilor britanici\/ The Image of 19<sup>th<\/sup> Century Romanians in the View of the British Travelers<\/a>, Carolina OPREA, Hyperion University, Bucharest (p. 137)<\/p>\n","protected":false},"excerpt":{"rendered":"<p>Editorial Board SOCIAL MEDIA 1. Fenomenul social media \u015fi interferen\u021bele cu mass-media \/ The Social Media Phenomenon and Its Interferences with Mass-Media, Ion MARIN, Hyperion University, Bucharest (p. 6) 2. \u201cJurnalismul cet\u0103\u021benesc\u201d, o consecin\u021b\u0103 a social media \/ \u201cCitizen Journalism\u201d, a Consequence of Social Media, Cristian Florin POPESCU, Hyperion University, Bucharest (p. 15) 3. Securitatea [&hellip;]<\/p>\n","protected":false},"author":1,"featured_media":0,"parent":0,"menu_order":0,"comment_status":"closed","ping_status":"closed","template":"","meta":{"footnotes":""},"class_list":["post-181","page","type-page","status-publish","hentry"],"_links":{"self":[{"href":"https:\/\/jms.hyperion.ro\/index.php\/wp-json\/wp\/v2\/pages\/181","targetHints":{"allow":["GET"]}}],"collection":[{"href":"https:\/\/jms.hyperion.ro\/index.php\/wp-json\/wp\/v2\/pages"}],"about":[{"href":"https:\/\/jms.hyperion.ro\/index.php\/wp-json\/wp\/v2\/types\/page"}],"author":[{"embeddable":true,"href":"https:\/\/jms.hyperion.ro\/index.php\/wp-json\/wp\/v2\/users\/1"}],"replies":[{"embeddable":true,"href":"https:\/\/jms.hyperion.ro\/index.php\/wp-json\/wp\/v2\/comments?post=181"}],"version-history":[{"count":0,"href":"https:\/\/jms.hyperion.ro\/index.php\/wp-json\/wp\/v2\/pages\/181\/revisions"}],"wp:attachment":[{"href":"https:\/\/jms.hyperion.ro\/index.php\/wp-json\/wp\/v2\/media?parent=181"}],"curies":[{"name":"wp","href":"https:\/\/api.w.org\/{rel}","templated":true}]}}