{"id":166,"date":"2018-09-24T15:59:09","date_gmt":"2018-09-24T15:59:09","guid":{"rendered":"https:\/\/jms.hyperion.ro\/?page_id=166"},"modified":"2019-07-10T16:02:45","modified_gmt":"2019-07-10T16:02:45","slug":"revista-de-studii-media-nr-3-2014","status":"publish","type":"page","link":"https:\/\/jms.hyperion.ro\/index.php\/revista-de-studii-media-nr-3-2014\/","title":{"rendered":"Revista de Studii Media \/ Journal of Media Studies, Nr. 3, 2014 \/ No. 3, 2014"},"content":{"rendered":"<p><a href=\"https:\/\/jms.hyperion.ro\/wp-content\/uploads\/2019\/07\/Advisory_editorial_no3_2014.pdf\">Editorial Board<\/a><\/p>\n<p><a href=\"https:\/\/jms.hyperion.ro\/wp-content\/uploads\/2019\/07\/0.-rsm2014-cuprins5-6.pdf\">\u00cen loc de argument. <em>Despre etica jurnalistic\u0103<\/em>\/ Instead of a Foreword. <em>On Journalistic Ethics<\/em><\/a>, Ion MARIN, Hyperion University, Bucharest<\/p>\n<p>1. <a href=\"https:\/\/jms.hyperion.ro\/wp-content\/uploads\/2018\/09\/1.-rsm2014-popescu.pdf\">Tendin\u021be \u00een etica jurnalistic\u0103\/ Tendencies in Journalistic Ethics<\/a>,\u00a0Cristian Florin POPESCU, Hyperion University, Bucharest (p. 7)<\/p>\n<p>2. <a href=\"https:\/\/jms.hyperion.ro\/wp-content\/uploads\/2018\/09\/2.-rsm2014-ghitoi.pdf\"><em>Dubito ergo sum<\/em> sau despre etica \u00eendoielii ca spectacol al nelini\u015ftii inteligen\u021bei \/ <em>Dubito Ergo Sum<\/em> or the Ethics of Doubt as Performance of Intelligence Anxiety<\/a>, Adriana GHI\u021aOI, Hyperion University, Bucharest (p. 17)<\/p>\n<p>3. <a href=\"https:\/\/jms.hyperion.ro\/wp-content\/uploads\/2018\/09\/3.-rsm2014-lorintiu.pdf\">Un Observator al eticii \u015fi deontologiei informa\u021biei din pres\u0103. Exemplul francez; este el posibil de aplicat?\/ An Observatory of the Ethics and the Deontology of the Press Information. The French Example; Is It Possible to Apply?<\/a> Cleopatra LORIN\u021aIU, Representative of the Observatory of Geopolitical Studies in Paris, CMIESI expert (p. 22)<\/p>\n<p>4. <a href=\"https:\/\/jms.hyperion.ro\/wp-content\/uploads\/2018\/09\/4.-rsm2014-sabau.pdf\">Mass-media \u00eentre etic\u0103, influen\u021b\u0103 politic\u0103 \u015fi presiunea pie\u021bei\/ Mass-Media between Ethics, Political Influence and the Pressure of the Market<\/a>, Gelu SAB\u0102U, Hyperion University, Bucharest (p. 29)<\/p>\n<p>5. <a href=\"https:\/\/jms.hyperion.ro\/wp-content\/uploads\/2018\/09\/5.-rsm2014-teodorescu.pdf\">Aspecte etice ale strategiilor de comunicare \u00een talk-show. Un studiu de caz: \u201cNa\u015ful\u201d, B1 TV\/ The Ethics of Communication Strategies in Talk-Shows. A Case Study: \u201cNa\u015ful\u201d, B1 TV<\/a>, Ana-Maria TEODORESCU, University of Bucharest (p. 43)<\/p>\n<p>6. <a href=\"https:\/\/jms.hyperion.ro\/wp-content\/uploads\/2018\/09\/6.-rsm2014-pisleag.pdf\">Cultura media \u015fi nevoia de securizare a modelului valoric\/ Media Culture and the Need to Protect the Value Model<\/a>, \u021au\u021bu PI\u0218LEAG, Hyperion University, Bucharest (p. 59)<\/p>\n<p>7. <a href=\"https:\/\/jms.hyperion.ro\/wp-content\/uploads\/2018\/09\/7.-rsm2014-onofrei.pdf\">Mass-media \u015fi rolul s\u0103u \u00een propagarea violen\u021bei\/ Mass-Media and Its Role in Promoting Violence<\/a>, George Lucian ONOFREI, Hyperion University, Bucharest (p. 63)<\/p>\n<p>8. <a href=\"https:\/\/jms.hyperion.ro\/wp-content\/uploads\/2018\/09\/8.-rsm2014-roman.pdf\">R<\/a><a href=\"https:\/\/jms.hyperion.ro\/wp-content\/uploads\/2018\/09\/8.-rsm2014-roman.pdf\">eglement\u0103ri \u00eentr-un spa\u021biu aparent nereglementabil. Cutume ale comunit\u0103\u021bilor de bloggeri\/ Regulations in an Apparently Non-Regulatable Space. Blogger Communities Common Laws<\/a>, Marina ROMAN, Hyperion University, Bucharest (p. 69)<\/p>\n<p>9. <a href=\"https:\/\/jms.hyperion.ro\/wp-content\/uploads\/2018\/09\/9.-rsm2014-serban-marin.pdf\">Social media \u2013 o nou\u0103 dimensiune a raporturilor dintre securitate \u015fi mass-media\/ Social Media \u2013 A New Dimension of the Relationship between Security and Mass-Media<\/a>, Teodora \u0218ERBAN-MARIN, \u201cRomania 2000\u201d Foundation (p. 94)<\/p>\n<p>10. <a href=\"https:\/\/jms.hyperion.ro\/wp-content\/uploads\/2018\/09\/10.-rsm2014-stan.pdf\">Modele ale sistemelor de valori \/ Models of the Value Systems<\/a>, Emil STAN, Hyperion University, Bucharest (p. 79)<\/p>\n<p>11. <a href=\"https:\/\/jms.hyperion.ro\/wp-content\/uploads\/2018\/09\/11.-rsm2014-sararu.pdf\">Jurnali\u015fti, \u015ftiri \u015fi bloguri \/ Journalists, News and Blog<\/a>s, Alexandra S\u0102RARU, Hyperion University, Bucharest (p. 101)<\/p>\n<p>12. <a href=\"https:\/\/jms.hyperion.ro\/wp-content\/uploads\/2018\/09\/12.-rsm2014-onofrei-butucaru.pdf\">Schimbarea la fa\u021b\u0103 a capitalismului \u015fi comportamentul consumatorului rom\u00e2n de media\/ The Changing Face of Capitalism and the Behavior of the Romanian Media Consumer<\/a>, George Lucian ONOFREI, Hyperion University, Bucharest, Roxana-Diana BUTUCARU, Hyperion University, Bucharest (p. 113)<\/p>\n\n\n<p><\/p>\n","protected":false},"excerpt":{"rendered":"<p>Editorial Board \u00cen loc de argument. Despre etica jurnalistic\u0103\/ Instead of a Foreword. On Journalistic Ethics, Ion MARIN, Hyperion University, Bucharest 1. Tendin\u021be \u00een etica jurnalistic\u0103\/ Tendencies in Journalistic Ethics,\u00a0Cristian Florin POPESCU, Hyperion University, Bucharest (p. 7) 2. Dubito ergo sum sau despre etica \u00eendoielii ca spectacol al nelini\u015ftii inteligen\u021bei \/ Dubito Ergo Sum or [&hellip;]<\/p>\n","protected":false},"author":1,"featured_media":0,"parent":0,"menu_order":0,"comment_status":"closed","ping_status":"closed","template":"","meta":{"footnotes":""},"class_list":["post-166","page","type-page","status-publish","hentry"],"_links":{"self":[{"href":"https:\/\/jms.hyperion.ro\/index.php\/wp-json\/wp\/v2\/pages\/166","targetHints":{"allow":["GET"]}}],"collection":[{"href":"https:\/\/jms.hyperion.ro\/index.php\/wp-json\/wp\/v2\/pages"}],"about":[{"href":"https:\/\/jms.hyperion.ro\/index.php\/wp-json\/wp\/v2\/types\/page"}],"author":[{"embeddable":true,"href":"https:\/\/jms.hyperion.ro\/index.php\/wp-json\/wp\/v2\/users\/1"}],"replies":[{"embeddable":true,"href":"https:\/\/jms.hyperion.ro\/index.php\/wp-json\/wp\/v2\/comments?post=166"}],"version-history":[{"count":0,"href":"https:\/\/jms.hyperion.ro\/index.php\/wp-json\/wp\/v2\/pages\/166\/revisions"}],"wp:attachment":[{"href":"https:\/\/jms.hyperion.ro\/index.php\/wp-json\/wp\/v2\/media?parent=166"}],"curies":[{"name":"wp","href":"https:\/\/api.w.org\/{rel}","templated":true}]}}