{"id":152,"date":"2018-09-24T15:57:50","date_gmt":"2018-09-24T15:57:50","guid":{"rendered":"https:\/\/jms.hyperion.ro\/?page_id=152"},"modified":"2020-07-28T10:19:22","modified_gmt":"2020-07-28T10:19:22","slug":"revista-de-studii-media-nr-2-2013","status":"publish","type":"page","link":"https:\/\/jms.hyperion.ro\/index.php\/revista-de-studii-media-nr-2-2013\/","title":{"rendered":"Revista de Studii Media \/ Journal of Media Studies, Nr. 2, 2013 \/ No. 2, 2013"},"content":{"rendered":"<p><a href=\"https:\/\/jms.hyperion.ro\/wp-content\/uploads\/2019\/07\/Advisory_editorial_no2_2013.pdf\">Editorial Board<\/a><\/p>\n<p><span style=\"font-family: Times New Roman, serif;\"><a href=\"https:\/\/jms.hyperion.ro\/wp-content\/uploads\/2019\/07\/0.-rsm2013-cuprins-pages.pdf\">Argument\/ Foreword<\/a>, <\/span><span style=\"font-family: Times New Roman, serif;\">Ion MARIN, Hyperion University, Bucharest <\/span>(p. 5)<\/p>\n<p>1. <span style=\"font-family: Times New Roman, serif;\"><a href=\"https:\/\/jms.hyperion.ro\/wp-content\/uploads\/2018\/09\/1.-rsm2013-marin.pdf\">De la \u201csatul global\u201d la \u201cstatul mondial\u201d? (Geopolitica \u00een era informa\u021bional\u0103) \/ From the \u201cGlobal Village\u201d to the \u201cGlobal Government\u201d? (Geopolitics in the Information Age)<\/a>, <\/span><span style=\"font-family: Times New Roman, serif;\">Ion MARIN, Hyperion University, Bucharest <\/span>(p. 7)<\/p>\n<p>2. <span style=\"font-family: Times New Roman, serif;\"><a href=\"https:\/\/jms.hyperion.ro\/wp-content\/uploads\/2018\/09\/2.-rsm2013-pisleag.pdf\">Dezbaterea patriotismului \u00een mass-media din Rom\u00e2nia \/ Debating Patriotism in Romanian Mass-Media<\/a>,\u00a0<\/span><span style=\"font-family: Times New Roman, serif;\">\u021au\u021bu PI\u0218LEAG, Hyperion University, Bucharest &amp; <\/span><span style=\"font-family: Times New Roman, serif;\">George Antoniu PI\u0218LEAG, The National Intelligence Academy ANIMV, Bucharest <\/span>(p. 12)<\/p>\n<p>3. <a href=\"https:\/\/jms.hyperion.ro\/wp-content\/uploads\/2018\/09\/3.-rsm2013-sabau.pdf\"><span style=\"font-family: Times New Roman, serif;\">Democra\u021bie \u015fi na\u021bionalism. Problema globaliz\u0103rii la \u00eenceputul secolului al XX-lea \/ Democracy and Nationalism. Globalization at the Beginning of the 20<\/span><sup><span style=\"font-family: Times New Roman, serif;\">th<\/span><\/sup><span style=\"font-family: Times New Roman, serif;\"> Century<\/span><\/a><span style=\"font-family: Times New Roman, serif;\">, <\/span><span style=\"font-family: Times New Roman, serif;\">Gelu SAB\u0102U, Hyperion University, Bucharest <\/span>(p. 16)<\/p>\n<p>4. <span style=\"font-family: Times New Roman, serif;\">Globalizarea \u015fi marile procese de integrare din lumea contemporan\u0103 \/ Globalization and the Great Processes of Integration in the Contemporary World, <\/span><span style=\"font-family: Times New Roman, serif;\">\u0218tefan CIOCHINARU, Hyperion University, Bucharest, <\/span>(p. 28)<\/p>\n<p>5. <span style=\"font-family: Times New Roman, serif;\"><a href=\"https:\/\/jms.hyperion.ro\/wp-content\/uploads\/2018\/09\/5.-rsm2013-popescu.pdf\">Societatea postmodern\u0103 \u2013 o nou\u0103 realitate sau o mai veche fantasm\u0103? \u2013 C\u00e2teva considera\u021biuni \/ The Postmodern Society \u2013 A New Reality or an Old Phantom? \u2013 Several Remarks<\/a>, <\/span><span style=\"font-family: Times New Roman, serif;\">Cristian Florin POPESCU, Hyperion University, Bucharest, <\/span>(p. 56)<\/p>\n<p>6. <span style=\"font-family: Times New Roman, serif;\"><a href=\"https:\/\/jms.hyperion.ro\/wp-content\/uploads\/2018\/09\/6.-rsm2013-ionescu.pdf\">Spa\u021biu public. Identitate european\u0103 \u015fi comunicare mediatic\u0103\/ The Public Space, European Identity and Communication through the Mass Media<\/a>, <\/span><span style=\"font-family: Times New Roman, serif;\">Liana IONESCU, Hyperion University, Bucharest, <\/span>(p. 65)<\/p>\n<p>7. <span style=\"font-family: Times New Roman, serif;\"><a href=\"https:\/\/jms.hyperion.ro\/wp-content\/uploads\/2018\/09\/7.-rsm2013-onofrei.pdf\">Geopolitica informa\u021biei \u00een contextul noilor dimensiuni ale globaliz\u0103rii \/ The Geopolitics of Information in the Context of the New Dimensions of Globalization<\/a>, <\/span><span style=\"font-family: Times New Roman, serif;\">George ONOFREI, Hyperion University, Bucharest, <\/span>(p. 77)<\/p>\n<p>8. <span style=\"font-family: Times New Roman, serif;\"><a href=\"https:\/\/jms.hyperion.ro\/wp-content\/uploads\/2018\/09\/8.-rsm2013-teodora-marin.pdf\">Noi vulnerabilit\u0103\u021bi, riscuri \u015fi amenin\u021b\u0103ri \u00een \u201cera informa\u021bional\u0103\u201d pentru Rom\u00e2nia ca stat membru UE \u015fi NATO\/ New Vulnerabilities, Risks and Threats in the \u201cInformation Age\u201d for Romania as a EU and NATO Member State<\/a>, <\/span><span style=\"font-family: Times New Roman, serif;\">Teodora MARIN, \u201cRomania 2000\u201d Foundation, <\/span>(p. 85)<\/p>\n<p>9. <span style=\"font-family: Times New Roman, serif;\"><a href=\"https:\/\/jms.hyperion.ro\/wp-content\/uploads\/2018\/09\/9.-rsm2013-costin-popescu.pdf\">Aspecte ale globaliz\u0103rii \u00een publicitate\/ Globalization as Reflected in Advertising<\/a>, <\/span><span style=\"font-family: Times New Roman, serif;\">Costin POPESCU, University of Bucharest <\/span>(p. 93)<\/p>\n<p>10. <span style=\"font-family: Times New Roman, serif;\"><a href=\"https:\/\/jms.hyperion.ro\/wp-content\/uploads\/2018\/09\/10.-rsm2013-rotaru.pdf\">Stringen\u021bele perfec\u021bion\u0103rii comunic\u0103rii \u00een managementul organiza\u021bional\/ The Urgencies of Communication Improvement in Organizational Management<\/a>, <\/span><span style=\"font-family: Times New Roman, serif;\">Nicolae ROTARU, Hyperion University, Bucharest,<\/span> (p. 98)<\/p>\n<p>11. <span style=\"font-family: Times New Roman, serif;\"><a href=\"https:\/\/jms.hyperion.ro\/wp-content\/uploads\/2018\/09\/11.-rsm2013-stan.pdf\">Metoda Cluster Analysis utilizat\u0103 \u00een studiul globaliz\u0103rii\/ The Cluster Analysis Method Used in the Study of Globalization<\/a>, <\/span><span style=\"font-family: Times New Roman, serif;\">Emil STAN, Hyperion University, Bucharest, <\/span>(p. 118)<\/p>\n","protected":false},"excerpt":{"rendered":"<p>Editorial Board Argument\/ Foreword, Ion MARIN, Hyperion University, Bucharest (p. 5) 1. De la \u201csatul global\u201d la \u201cstatul mondial\u201d? (Geopolitica \u00een era informa\u021bional\u0103) \/ From the \u201cGlobal Village\u201d to the \u201cGlobal Government\u201d? (Geopolitics in the Information Age), Ion MARIN, Hyperion University, Bucharest (p. 7) 2. Dezbaterea patriotismului \u00een mass-media din Rom\u00e2nia \/ Debating Patriotism in [&hellip;]<\/p>\n","protected":false},"author":1,"featured_media":0,"parent":0,"menu_order":0,"comment_status":"closed","ping_status":"closed","template":"","meta":{"footnotes":""},"class_list":["post-152","page","type-page","status-publish","hentry"],"_links":{"self":[{"href":"https:\/\/jms.hyperion.ro\/index.php\/wp-json\/wp\/v2\/pages\/152","targetHints":{"allow":["GET"]}}],"collection":[{"href":"https:\/\/jms.hyperion.ro\/index.php\/wp-json\/wp\/v2\/pages"}],"about":[{"href":"https:\/\/jms.hyperion.ro\/index.php\/wp-json\/wp\/v2\/types\/page"}],"author":[{"embeddable":true,"href":"https:\/\/jms.hyperion.ro\/index.php\/wp-json\/wp\/v2\/users\/1"}],"replies":[{"embeddable":true,"href":"https:\/\/jms.hyperion.ro\/index.php\/wp-json\/wp\/v2\/comments?post=152"}],"version-history":[{"count":0,"href":"https:\/\/jms.hyperion.ro\/index.php\/wp-json\/wp\/v2\/pages\/152\/revisions"}],"wp:attachment":[{"href":"https:\/\/jms.hyperion.ro\/index.php\/wp-json\/wp\/v2\/media?parent=152"}],"curies":[{"name":"wp","href":"https:\/\/api.w.org\/{rel}","templated":true}]}}