{"id":125,"date":"2018-09-24T15:52:31","date_gmt":"2018-09-24T15:52:31","guid":{"rendered":"https:\/\/jms.hyperion.ro\/?page_id=125"},"modified":"2019-10-20T18:13:12","modified_gmt":"2019-10-20T18:13:12","slug":"revista-de-studii-media-nr-1-2012","status":"publish","type":"page","link":"https:\/\/jms.hyperion.ro\/index.php\/revista-de-studii-media-nr-1-2012\/","title":{"rendered":"Revista de Studii Media\/ Journal of Media Studies, Nr. 1, 2012 \/ No. 1, 2012"},"content":{"rendered":"<p><a href=\"https:\/\/jms.hyperion.ro\/wp-content\/uploads\/2019\/07\/Advisory_editorial_no1_2012.pdf\">Editorial Board<\/a><\/p>\n<p><a href=\"https:\/\/jms.hyperion.ro\/wp-content\/uploads\/2019\/07\/0.-rsm2012-cuprins-1-pages-5.pdf\">Cuv\u00e2nt de salut \/ Foreword<\/a>, R\u0103zvan TEODORESCU, Romanian Academy<\/p>\n<p><strong>(AUTO)REGLEMENTAREA PROFESIEI DE JURNALIST \u00ceNTRE ETIC\u0102, INSTITU\u021aII \u015eI COMPETEN\u021a\u0102\/ THE (SELF) REGULATION OF JOURNALISM BETWEEN ETHICS, INSTITIONS AND COMPETENCE<\/strong><\/p>\n<p>1. <a href=\"https:\/\/jms.hyperion.ro\/wp-content\/uploads\/2018\/09\/1.-rsm2012-marin.pdf\">Deontologia jurnalistic\u0103, \u00eentre autoreglementare \u0219i dreptul comunic\u0103rii \/ Journalistic Deontology, between Self-regulation and Communication Law<\/a>, Ion MARIN, Hyperion University, Bucharest (p. 7)<\/p>\n<p>2. <a href=\"https:\/\/jms.hyperion.ro\/wp-content\/uploads\/2018\/09\/2.-rsm2012-popescu.pdf\">Repere ale institu\u021bionaliz\u0103rii sistemului media<strong>.<\/strong> Modelul institu\u021bional francez\/ Landmarks of the Institutionalization of Mass-Media. The French Institutional Model<\/a>, Cristian Florin POPESCU, Hyperion University, Bucharest (p. 15)<\/p>\n<p>3. <a href=\"https:\/\/jms.hyperion.ro\/wp-content\/uploads\/2018\/09\/3.-rsm2012-gamalet.pdf\">Statutul jurnalistului \u00eentre deontologie \u0219i patronat\/ The Journalist\u2019s status between Deontology and Employers<\/a>, Bogdan GAMALE\u021a, Hyperion University, Bucharest (p. 22)<\/p>\n<p>4. <a href=\"https:\/\/jms.hyperion.ro\/wp-content\/uploads\/2018\/09\/4.-rsm2012-roman.pdf\">Pentru o evaluare psiho-social\u0103 a t\u00e2n\u0103rului jurnalist la angajare\/ Towards a Psycho-Social Evaluation of the Young Journalist When Being Hired<\/a>, Marina ROMAN, Hyperion University, Bucharest (p. 28)<\/p>\n<p>5. <a href=\"https:\/\/jms.hyperion.ro\/wp-content\/uploads\/2018\/09\/5.-rsm2012-dona.pdf\">Analiza con\u021binuturilor de violen\u021be \u00een programele de televiziune\/ The Analysis of Violence in Television Programs<\/a>, Dona TUDOR, Hyperion University, Bucharest (p. 36)<\/p>\n<p>6. <a href=\"https:\/\/jms.hyperion.ro\/wp-content\/uploads\/2018\/09\/6.-rsm2012-ficeac.pdf\">Jurnalismul rom\u00e2nesc \u00eentre manipulare \u0219i deprofesionalizare\/ Romanian Journalism between Manipulation and Deprofessionalization<\/a>, Bogdan FICEAC, Hyperion University, Bucharest (p. 46)<\/p>\n<p>7. <a href=\"https:\/\/jms.hyperion.ro\/wp-content\/uploads\/2018\/09\/7.-rsm2012-ion.pdf\">Statutul jurnalistului \u00eentre codul deontologic \u0219i criza de identitate\/ The Journalist\u2019s Status between the Deontological Code and the Identity Crisis<\/a>, Cezar ION, Head of the Romanian State Television (TVR) Editorial Board, (p. 54)<\/p>\n<p>8. <a href=\"https:\/\/jms.hyperion.ro\/wp-content\/uploads\/2019\/10\/rev_total_1-2012-pages-57-63.pdf\">Medias et communications. Le royaume du Maroc ou la difference specifique\/ Media and Communication. The Kingdom of Morocco, or the \u201cSpecific Difference\u201d<\/a> , Cleopatra LORIN\u021aIU, Representative of the Observatory of Geopolitical Studies in Paris, CMIESI Expert (p. 57)<\/p>\n<p><strong>INFORMA\u021aIA \u015eI JURNALISTUL \u2013 JOCURI DE PUTERE \u015eI RESPONSABILITATE\/ THE INFORMATION AND THE JOURNALIST \u2013 GAMES OF POWER AND RESPONSIBILITY<\/strong><\/p>\n<p>9. <a href=\"https:\/\/jms.hyperion.ro\/wp-content\/uploads\/2018\/09\/8.-rsm2012-popa.pdf\">Informa\u021bia \u2013 factor de putere primordial, \u00een contextul noii ordini mondiale\/ The Information \u2013 A Primordial Factor of Power, in the Context of the New World Order<\/a>, Radu Dan Septimiu POPA, Independent scholar (p. 64)<\/p>\n<p>10. <a href=\"https:\/\/jms.hyperion.ro\/wp-content\/uploads\/2018\/09\/9.-rsm2012-margarit-enescu.pdf\">Provoc\u0103rile jurnalismului \u00een contextul actual \u0219i noul statut al jurnalistului\/ Journalistic Challenges in the Current Context and the Journalist\u2019s New Status<\/a>, Alexandra M\u0102RG\u0102RIT-ENESCU, Hyperion University, Bucharest (p. 69)<\/p>\n<p>11. <a href=\"https:\/\/jms.hyperion.ro\/wp-content\/uploads\/2018\/09\/10.-rsm2012-ana-popa.pdf\">Rebrandingul comunic\u0103rii politice\/ Rebranding Political Communication<\/a>, Ana Cristina POPA, Independent scholar (p. 73)<\/p>\n<p>12. <a href=\"https:\/\/jms.hyperion.ro\/wp-content\/uploads\/2018\/09\/11.-rsm2012-godinac.pdf\">Jurnalism \u00een umbr\u0103: provocarea pentru libertatea presei \u00een rom\u00e2nia\/ Journalism in a Shadow: Challenging the Freedom of the Press in Romania<\/a>, Cristi GODINAC, President of the MediaSind Trade Uion (p. 83)<\/p>\n<p><strong>TRADI\u021aIE \u015eI INOVA\u021aIE SAU JURNALISM CLASIC \/VS\/ NEW MEDIA \/\/ TRADITION AND INNOVATION OR CLASSIC JOURNALISM \/VS\/ NEW MEDIA<\/strong><\/p>\n<p>13. <a href=\"https:\/\/jms.hyperion.ro\/wp-content\/uploads\/2018\/09\/12.-rsm2012-stefan.pdf\">Profesionalismul gazet\u0103resc \u00een vremuri de criz\u0103\/ Journalistic Professionalism in Times of Crisis<\/a>, Mihaela \u0218TEFAN, Hyperion University, Bucharest (p. 90)<\/p>\n<p>14. <a href=\"https:\/\/jms.hyperion.ro\/wp-content\/uploads\/2018\/09\/13.-rsm2012-ghitoi.pdf\">New media \/vs\/ jurnalism tradi\u021bional\/\/ New Media \/vs\/ Traditional Journalism<\/a>, Adriana GHI\u021aOI, Hyperion University, Bucharest (p. 99)<\/p>\n<p>15. <a href=\"https:\/\/jms.hyperion.ro\/wp-content\/uploads\/2018\/09\/14.-rsm2012-ignat-stan.pdf\">Formarea jurnali\u0219tilor \u00een condi\u021biile flexibiliz\u0103rii formatelor \u0219i ob\u021binerii \u0219i transmiterii informa\u021biilor\/The Formation of Journalists in the Context of the Flexibility of Formats and of the Gathering and Dissemination of Information<\/a>, Petru IGNAT, Hyperion University, Bucharest, Emil STAN, Hyperion University, Bucharest (p. 103)<\/p>\n<p><strong>COMUNICAREA MEDIA \u015eI LIMBAJUL PUBLICISTIC \u2013 OGLIND\u0102 A SOCIET\u0102\u021aII \/ MEDIA COMMUNICATION AND PUBLICISTIC LANGUAGE \u2013 A REFLECTION OF SOCIETY<\/strong><\/p>\n<p>16. <a href=\"https:\/\/jms.hyperion.ro\/wp-content\/uploads\/2018\/09\/15.-rsm2012-spanulescu.pdf\">Restaurarea statistic\u0103 a informa\u021biei cu aplica\u021bii \u00een \u0219tiin\u021bele comunic\u0103rii\/ Statistical Restoration of Information Applied to Communication Sciences<\/a>, Sever SP\u00c2NULESCU, Hyperion University, Bucharest (p. 115)<\/p>\n<p>17. <a href=\"https:\/\/jms.hyperion.ro\/wp-content\/uploads\/2018\/09\/16.-rsm2012-rotaru.pdf\">Comunicarea ca act dialogic \u0219i p\u00e2rghie de socializare \u00een demersul jurnali\u0219tilor\/ Communication as a Dialogic Act and a Socialization Key-Factor in the Journalistic Approach<\/a>, Nicolae ROTARU, Hyperion University, Bucharest (p. 129)<\/p>\n<p>18. <a href=\"https:\/\/jms.hyperion.ro\/wp-content\/uploads\/2018\/09\/17.-rsm2012-ungureanu.pdf\">Manifest\u0103ri ale limbajului jurnalistic actual\/ Manifestations of Contemporary Journalistic Language<\/a>, Elena UNGUREANU, Hyperion University, Bucharest (p. 140)<\/p>\n<p>19. <a href=\"https:\/\/jms.hyperion.ro\/wp-content\/uploads\/2018\/09\/18.-rsm2012-oreste.pdf\">Limbaj, manipulare \u0219i dezinformare\/ Language, Manipulation and Misinformation<\/a>, Oreste TEODORESCU, Hyperion University, Bucharest (p. 149)<\/p>\n<p><strong>STRUCTURI DE REGLEMENTARE \u00ceN CREA\u021aIA PUBLICITAR\u0102\/ REGULATION STRUCTURES IN ADVERTISING<\/strong><\/p>\n<p>20. <a href=\"https:\/\/jms.hyperion.ro\/wp-content\/uploads\/2018\/09\/19.-rsm2012-costin-popescu.pdf\">Fe\u021bele legalit\u0103\u021bii \u00een publicitate\/ The Facets of Legality in Advertising<\/a>, Costin POPESCU, University of Bucharest (p. 155)<\/p>\n<p><strong>MISCELLANEA<\/strong><\/p>\n<p>21. <a href=\"https:\/\/jms.hyperion.ro\/wp-content\/uploads\/2018\/09\/20.-rsm2012-misc.pdf\">Semnal editorial\/ New Entries<\/a>, Adriana GHI\u021aOI, Hyperion University, Bucharest (p. 159)<\/p>\n<p>22. <a href=\"https:\/\/jms.hyperion.ro\/wp-content\/uploads\/2019\/10\/rev_total_1-2012-pages-161-162.pdf\">Investe\u015fte \u00een oameni! \u2013 JOBS \u015fi VEHMED, proiecte europene pentru cre\u015fterea calit\u0103\u021bii \u00eenv\u0103\u021b\u0103m\u00e2ntului jurnalistic din Rom\u00e2nia \/ Invest in People! JOBS and VEHMED, European Projects for the Improvement of the Quality of Journalistic Education in Romania<\/a>, Lumini\u0163a CIOCAN, Hyperion University, Bucharest, Alexandra S\u0102RARU, Hyperion University, Bucharest (p. 161)<\/p>\n","protected":false},"excerpt":{"rendered":"<p>Editorial Board Cuv\u00e2nt de salut \/ Foreword, R\u0103zvan TEODORESCU, Romanian Academy (AUTO)REGLEMENTAREA PROFESIEI DE JURNALIST \u00ceNTRE ETIC\u0102, INSTITU\u021aII \u015eI COMPETEN\u021a\u0102\/ THE (SELF) REGULATION OF JOURNALISM BETWEEN ETHICS, INSTITIONS AND COMPETENCE 1. Deontologia jurnalistic\u0103, \u00eentre autoreglementare \u0219i dreptul comunic\u0103rii \/ Journalistic Deontology, between Self-regulation and Communication Law, Ion MARIN, Hyperion University, Bucharest (p. 7) 2. Repere [&hellip;]<\/p>\n","protected":false},"author":1,"featured_media":0,"parent":0,"menu_order":0,"comment_status":"closed","ping_status":"closed","template":"","meta":{"footnotes":""},"class_list":["post-125","page","type-page","status-publish","hentry"],"_links":{"self":[{"href":"https:\/\/jms.hyperion.ro\/index.php\/wp-json\/wp\/v2\/pages\/125","targetHints":{"allow":["GET"]}}],"collection":[{"href":"https:\/\/jms.hyperion.ro\/index.php\/wp-json\/wp\/v2\/pages"}],"about":[{"href":"https:\/\/jms.hyperion.ro\/index.php\/wp-json\/wp\/v2\/types\/page"}],"author":[{"embeddable":true,"href":"https:\/\/jms.hyperion.ro\/index.php\/wp-json\/wp\/v2\/users\/1"}],"replies":[{"embeddable":true,"href":"https:\/\/jms.hyperion.ro\/index.php\/wp-json\/wp\/v2\/comments?post=125"}],"version-history":[{"count":0,"href":"https:\/\/jms.hyperion.ro\/index.php\/wp-json\/wp\/v2\/pages\/125\/revisions"}],"wp:attachment":[{"href":"https:\/\/jms.hyperion.ro\/index.php\/wp-json\/wp\/v2\/media?parent=125"}],"curies":[{"name":"wp","href":"https:\/\/api.w.org\/{rel}","templated":true}]}}