{"id":11,"date":"2018-03-26T16:50:59","date_gmt":"2018-03-26T16:50:59","guid":{"rendered":"https:\/\/jms.hyperion.ro\/?page_id=11"},"modified":"2023-05-11T11:47:47","modified_gmt":"2023-05-11T11:47:47","slug":"editorial-board","status":"publish","type":"page","link":"https:\/\/jms.hyperion.ro\/index.php\/editorial-board\/","title":{"rendered":"Boards"},"content":{"rendered":"<p>ADVISORY BOARD<\/p>\n<p>President<\/p>\n<p>R\u0103zvan THEODORESCU &#8211; Romanian Academy<\/p>\n<p>Charles SAINT-PROT &#8211; Facult\u00e9 de Droit Paris Decartes, V- Sorbonne<\/p>\n<p>Mohamed TROUDI &#8211; Acad\u00e9mie de G\u00e9opolitique, Paris<\/p>\n<p>Sever SP\u00c2NULESCU &#8211; Hyperion University, Bucharest<\/p>\n<p>Anca GHEORGHIU &#8211; Hyperion University, Bucharest<\/p>\n<p>Daniel CONDURACHE \u2013 \u201cAlexandru Ioan Cuza\u201d University, Ia\u015fi<\/p>\n<p>Ion DUR \u2013 \u201cLucian Blaga\u201d University, Sibiu<\/p>\n<p>Georgeta DRUL\u0102 &#8211; University of Bucharest<\/p>\n<p>Elena ABRUDAN &#8211; \u201cBabe\u015f Bolyai\u201d University, Cluj Napoca<\/p>\n<p>Costin POPESCU \u2013 University of Bucharest<\/p>\n<p>EDITORIAL BOARD<\/p>\n<p>Director<\/p>\n<p>\u015etefan CIOCHINARU &#8211; Hyperion University, Bucharest<\/p>\n<p>Editor-in-chief<\/p>\n<p>Gelu SAB\u0102U &#8211; Hyperion University, Bucharest<\/p>\n<p>Members<\/p>\n<p>Marina ROMAN \u2013 Hyperion University, Bucharest<\/p>\n<p>Adriana GHI\u021aOI &#8211; Hyperion University, Bucharest<\/p>\n<p>George ONOFREI &#8211; Hyperion University, Bucharest<\/p>\n<p>Andrei SIMIONESCU-PANAIT &#8211; Polytechnic University, Bucharest<\/p>\n<p>Dan Alexandru CHI\u021a\u0102 &#8211; Independent Researcher<\/p>\n","protected":false},"excerpt":{"rendered":"<p>ADVISORY BOARD President R\u0103zvan THEODORESCU &#8211; Romanian Academy Charles SAINT-PROT &#8211; Facult\u00e9 de Droit Paris Decartes, V- Sorbonne Mohamed TROUDI &#8211; Acad\u00e9mie de G\u00e9opolitique, Paris Sever SP\u00c2NULESCU &#8211; Hyperion University, Bucharest Anca GHEORGHIU &#8211; Hyperion University, Bucharest Daniel CONDURACHE \u2013 \u201cAlexandru Ioan Cuza\u201d University, Ia\u015fi Ion DUR \u2013 \u201cLucian Blaga\u201d University, Sibiu Georgeta DRUL\u0102 &#8211; [&hellip;]<\/p>\n","protected":false},"author":1,"featured_media":0,"parent":0,"menu_order":0,"comment_status":"closed","ping_status":"closed","template":"","meta":{"footnotes":""},"class_list":["post-11","page","type-page","status-publish","hentry"],"_links":{"self":[{"href":"https:\/\/jms.hyperion.ro\/index.php\/wp-json\/wp\/v2\/pages\/11","targetHints":{"allow":["GET"]}}],"collection":[{"href":"https:\/\/jms.hyperion.ro\/index.php\/wp-json\/wp\/v2\/pages"}],"about":[{"href":"https:\/\/jms.hyperion.ro\/index.php\/wp-json\/wp\/v2\/types\/page"}],"author":[{"embeddable":true,"href":"https:\/\/jms.hyperion.ro\/index.php\/wp-json\/wp\/v2\/users\/1"}],"replies":[{"embeddable":true,"href":"https:\/\/jms.hyperion.ro\/index.php\/wp-json\/wp\/v2\/comments?post=11"}],"version-history":[{"count":0,"href":"https:\/\/jms.hyperion.ro\/index.php\/wp-json\/wp\/v2\/pages\/11\/revisions"}],"wp:attachment":[{"href":"https:\/\/jms.hyperion.ro\/index.php\/wp-json\/wp\/v2\/media?parent=11"}],"curies":[{"name":"wp","href":"https:\/\/api.w.org\/{rel}","templated":true}]}}